{"id":3818,"date":"2022-11-14T15:05:18","date_gmt":"2022-11-14T14:05:18","guid":{"rendered":"https:\/\/jednostki.uksw.edu.pl\/sjo\/lektorzy\/dyzury-lektorow\/"},"modified":"2026-04-24T11:29:16","modified_gmt":"2026-04-24T09:29:16","slug":"dyzury-lektorow","status":"publish","type":"page","link":"https:\/\/sjo.uksw.edu.pl\/lektorzy\/dyzury-lektorow\/","title":{"rendered":"Dy\u017cury lektor\u00f3w"},"content":{"rendered":"\n<p><\/p>\n\n\n\r\n<div class=\"\">\r\n\r\n\r\n<div class=\"row\">\r\n\r\n  \r\n<div class=\"col-xl-12 col-lg-12 col-md-12 col-sm-12 \">\r\n\t\t<div class=\"download_detils\">\r\n\t\t\t<a href=\"https:\/\/sjo.uksw.edu.pl\/wp-content\/uploads\/sites\/27\/2026\/04\/dyzury-2025-2026-lato.pdf\"  title=\"dy\u017cury lektor\u00f3w w semestrze letnim 2025\/26 (23.02.2026-16.06.2026)\" download >\r\n\t\t\t<img decoding=\"async\" src=\"https:\/\/sjo.uksw.edu.pl\/wp-content\/themes\/uksw\/images\/import.svg\" alt=\"\"> dy\u017cury lektor\u00f3w w semestrze letnim 2025\/26 (23.02.2026-16.06.2026) [PDF,  0.05 MB]<\/a>\r\n\t\t<\/div>\r\n<\/div>\r\n\r\n\r\n\t\t\r\n\t\t \r\n\r\n<\/div>\r\n<\/div>\r\n<div class=\"space20\"><\/div>\r\n\r\n\n\n\n<p><br>zmiany dy\u017cur\u00f3w:<br>mgr Ma\u0142gorzata Lang: 22.04 i 24.04.2026 dy\u017cur odwo\u0142any<br>mgr Monika Nowosielska: 24.04.2026 dy\u017cur odwo\u0142any<br>mgr Anna Zieli\u0144ska: 27.04.2026 dy\u017cur odwo\u0142any\u00a0<br><br><br><br><br><br><br><br><br><\/p>\n\n\n\n<p><br><br><\/p>\n\n\n\n<p><\/p>\n","protected":false},"excerpt":{"rendered":"<p>zmiany dy\u017cur\u00f3w:mgr Ma\u0142gorzata Lang: 22.04 i 24.04.2026 dy\u017cur odwo\u0142anymgr Monika Nowosielska: 24.04.2026 dy\u017cur odwo\u0142anymgr Anna Zieli\u0144ska: 27.04.2026 dy\u017cur odwo\u0142any\u00a0<\/p>\n","protected":false},"author":1,"featured_media":0,"parent":3816,"menu_order":15,"comment_status":"closed","ping_status":"closed","template":"page-templates\/template-sub-page.php","meta":{"_acf_changed":false,"inline_featured_image":false,"footnotes":"","_links_to":"","_links_to_target":""},"class_list":["post-3818","page","type-page","status-publish","hentry"],"acf":[],"_links":{"self":[{"href":"https:\/\/sjo.uksw.edu.pl\/pl\/wp-json\/wp\/v2\/pages\/3818","targetHints":{"allow":["GET"]}}],"collection":[{"href":"https:\/\/sjo.uksw.edu.pl\/pl\/wp-json\/wp\/v2\/pages"}],"about":[{"href":"https:\/\/sjo.uksw.edu.pl\/pl\/wp-json\/wp\/v2\/types\/page"}],"author":[{"embeddable":true,"href":"https:\/\/sjo.uksw.edu.pl\/pl\/wp-json\/wp\/v2\/users\/1"}],"replies":[{"embeddable":true,"href":"https:\/\/sjo.uksw.edu.pl\/pl\/wp-json\/wp\/v2\/comments?post=3818"}],"version-history":[{"count":494,"href":"https:\/\/sjo.uksw.edu.pl\/pl\/wp-json\/wp\/v2\/pages\/3818\/revisions"}],"predecessor-version":[{"id":6908,"href":"https:\/\/sjo.uksw.edu.pl\/pl\/wp-json\/wp\/v2\/pages\/3818\/revisions\/6908"}],"up":[{"embeddable":true,"href":"https:\/\/sjo.uksw.edu.pl\/pl\/wp-json\/wp\/v2\/pages\/3816"}],"wp:attachment":[{"href":"https:\/\/sjo.uksw.edu.pl\/pl\/wp-json\/wp\/v2\/media?parent=3818"}],"curies":[{"name":"wp","href":"https:\/\/api.w.org\/{rel}","templated":true}]}}