{"id":3817,"date":"2022-11-14T15:05:18","date_gmt":"2022-11-14T14:05:18","guid":{"rendered":"https:\/\/jednostki.uksw.edu.pl\/sjo\/lektorzy\/kontakt-do-lektorow\/"},"modified":"2025-09-26T11:22:13","modified_gmt":"2025-09-26T09:22:13","slug":"kontakt-do-lektorow","status":"publish","type":"page","link":"https:\/\/sjo.uksw.edu.pl\/lektorzy\/kontakt-do-lektorow\/","title":{"rendered":"Kontakt do lektor\u00f3w"},"content":{"rendered":"\n<h2 class=\"wp-block-heading\">J\u0118ZYK ANGIELSKI<\/h2>\n\n\n\n<p>dr Agnieszka Burakowska <br><a href=\"mailto:a.burakowska@uksw.edu.pl\">a.burakowska@uksw.edu.pl<\/a><\/p>\n\n\n\n<p>mgr Ewa Che\u0142pi\u0144ska-Knue <br><a href=\"mailto:e.chelpinska@uksw.edu.pl\">e.chelpinska@uksw.edu.pl<\/a><\/p>\n\n\n\n<p>mgr Agnieszka D\u0105browska <br><a href=\"mailto:agnieszka.dabrowska@uksw.edu.pl\">agnieszka.dabrowska@uksw.edu.pl<\/a><\/p>\n\n\n\n<p>mgr Ma\u0142gorzata Lang <br><a href=\"mailto:m.lang@uksw.edu.pl\">m.lang@uksw.edu.pl<\/a><\/p>\n\n\n\n<p>dr El\u017cbieta Lesiak-Bielawska <br><a href=\"mailto:e.lesiak.bielawska@uksw.edu.pl\">e.lesiak.bielawska@uksw.edu.pl<\/a><\/p>\n\n\n\n<p>mgr Anna Maksjan <br><a href=\"mailto:a.maksjan@uksw.edu.pl\">a.maksjan@uksw.edu.pl<\/a><\/p>\n\n\n\n<p>mgr Monika Nowosielska <br><a href=\"mailto:m.nowosielska@uksw.edu.pl\">m.nowosielska@uksw.edu.pl<\/a><\/p>\n\n\n\n<p>mgr Gra\u017cyna Rychlik <br><a href=\"mailto:g.rychlik@uksw.edu.pl\">g.rychlik@uksw.edu.pl<\/a><\/p>\n\n\n\n<p>mgr Sylwia Sikora<br><a href=\"mailto:g.rychlik@uksw.edu.pl\">s.sikora@uksw.edu.pl<\/a><\/p>\n\n\n\n<p>mgr Joanna St\u0119porowska <br><a href=\"mailto:j.steporowska@uksw.edu.pl\">j.steporowska@uksw.edu.pl<\/a><\/p>\n\n\n\n<p>mgr Agnieszka \u015awi\u0119cicka <br><a href=\"mailto:a.swiecicka@uksw.edu.pl\">a.swiecicka@uksw.edu.pl<\/a><\/p>\n\n\n\n<p>mgr Piotr Wojciechowski <br><a href=\"mailto:p.wojciechowski@uksw.edu.pl\">p.wojciechowski@uksw.edu.pl<\/a><\/p>\n\n\n\n<p>mgr Paulina Wrzos <br><a href=\"mailto:p.wrzos@uksw.edu.pl\">p.wrzos@uksw.edu.pl<\/a><\/p>\n\n\n\n<p>mgr Anna Zieli\u0144ska <br><a href=\"mailto:anna.zielinska@uksw.edu.pl\">anna.zielinska@uksw.edu.pl<\/a><\/p>\n\n\n\n<h2 class=\"wp-block-heading\">J\u0118ZYK FRANCUSKI<\/h2>\n\n\n\n<p>mgr Iwona Bartnicka <br><a href=\"mailto:i.bartnicka@uksw.edu.pl\">i.bartnicka@uksw.edu.pl<\/a><\/p>\n\n\n\n<h2 class=\"wp-block-heading\">J\u0118ZYK HISZPA\u0143SKI<\/h2>\n\n\n\n<p>mgr Antero Cano Dominguez <br><a href=\"mailto:a.dominguez@uksw.edu.pl\">a.dominguez@uksw.edu.pl<\/a><\/p>\n\n\n\n<h2 class=\"wp-block-heading\">J\u0118ZYK ROSYJSKI<\/h2>\n\n\n\n<p>mgr Lidwina Olszewska <br><a href=\"mailto:l.olszewska@uksw.edu.pl\">l.olszewska@uksw.edu.pl<\/a><\/p>\n\n\n\n<h2 class=\"wp-block-heading\">J\u0118ZYK W\u0141OSKI<\/h2>\n\n\n\n<p>mgr Leonardo Salvadori <br><a href=\"mailto:l.salvadori@uksw.edu.pl\">l.salvadori@uksw.edu.pl<\/a><\/p>\n\n\n\n<p>mgr \u0141ukasz Korzeniewski<br><a href=\"mailto:l.salvadori@uksw.edu.pl\">l.korzeniewski@uksw.edu.pl<\/a><\/p>\n\n\n\n<p><strong>J\u0118ZYK \u0141ACI\u0143SKI<\/strong><br>dr Magdalena Niewiadomska<br><a class=\"\" href=\"mailto:m.niewiadomska@uksw.edu.pl\">m.niewiadomska@uksw.edu.pl<\/a><\/p>\n\n\n\n<p>dr Helena Linn<br><a class=\"\" href=\"mailto:h.karczewska@uksw.edu.pl\">h.karczewska@uksw.edu.pl<\/a><\/p>\n\n\n\n<p>mgr Magdalena Bejm<br><a class=\"\" href=\"mailto:m.bejm@uksw.edu.pl\">m.bejm@uksw.edu.pl<\/a><\/p>\n\n\n\n<p><strong>J\u0118ZYK GRECKI<\/strong><br>mgr Magdalena Bejm<br><a class=\"\" href=\"mailto:m.bejm@uksw.edu.pl\">m.bejm@uksw.edu.pl<\/a><\/p>\n\n\n\n<p><strong>J\u0118ZYK JAPO\u0143SKI<\/strong><br>mgr Anna Ko\u0142owiecka<br><a class=\"\" href=\"mailto:m.bejm@uksw.edu.pl\">a.kolowiecka@uksw.edu.pl<\/a><\/p>\n\n\n\n<p><\/p>\n","protected":false},"excerpt":{"rendered":"<p>J\u0118ZYK ANGIELSKI dr Agnieszka Burakowska a.burakowska@uksw.edu.pl mgr Ewa Che\u0142pi\u0144ska-Knue e.chelpinska@uksw.edu.pl mgr Agnieszka D\u0105browska agnieszka.dabrowska@uksw.edu.pl mgr Ma\u0142gorzata Lang m.lang@uksw.edu.pl dr El\u017cbieta Lesiak-Bielawska e.lesiak.bielawska@uksw.edu.pl mgr Anna Maksjan a.maksjan@uksw.edu.pl mgr Monika Nowosielska m.nowosielska@uksw.edu.pl mgr Gra\u017cyna Rychlik g.rychlik@uksw.edu.pl mgr Sylwia Sikoras.sikora@uksw.edu.pl mgr Joanna St\u0119porowska j.steporowska@uksw.edu.pl mgr Agnieszka \u015awi\u0119cicka a.swiecicka@uksw.edu.pl mgr Piotr Wojciechowski p.wojciechowski@uksw.edu.pl mgr Paulina Wrzos p.wrzos@uksw.edu.pl mgr Anna [&hellip;]<\/p>\n","protected":false},"author":1,"featured_media":0,"parent":3816,"menu_order":14,"comment_status":"closed","ping_status":"closed","template":"page-templates\/template-sub-page.php","meta":{"_acf_changed":false,"inline_featured_image":false,"footnotes":"","_links_to":"","_links_to_target":""},"class_list":["post-3817","page","type-page","status-publish","hentry"],"acf":[],"_links":{"self":[{"href":"https:\/\/sjo.uksw.edu.pl\/pl\/wp-json\/wp\/v2\/pages\/3817","targetHints":{"allow":["GET"]}}],"collection":[{"href":"https:\/\/sjo.uksw.edu.pl\/pl\/wp-json\/wp\/v2\/pages"}],"about":[{"href":"https:\/\/sjo.uksw.edu.pl\/pl\/wp-json\/wp\/v2\/types\/page"}],"author":[{"embeddable":true,"href":"https:\/\/sjo.uksw.edu.pl\/pl\/wp-json\/wp\/v2\/users\/1"}],"replies":[{"embeddable":true,"href":"https:\/\/sjo.uksw.edu.pl\/pl\/wp-json\/wp\/v2\/comments?post=3817"}],"version-history":[{"count":12,"href":"https:\/\/sjo.uksw.edu.pl\/pl\/wp-json\/wp\/v2\/pages\/3817\/revisions"}],"predecessor-version":[{"id":6453,"href":"https:\/\/sjo.uksw.edu.pl\/pl\/wp-json\/wp\/v2\/pages\/3817\/revisions\/6453"}],"up":[{"embeddable":true,"href":"https:\/\/sjo.uksw.edu.pl\/pl\/wp-json\/wp\/v2\/pages\/3816"}],"wp:attachment":[{"href":"https:\/\/sjo.uksw.edu.pl\/pl\/wp-json\/wp\/v2\/media?parent=3817"}],"curies":[{"name":"wp","href":"https:\/\/api.w.org\/{rel}","templated":true}]}}