{"id":3814,"date":"2022-11-14T15:05:16","date_gmt":"2022-11-14T14:05:16","guid":{"rendered":"https:\/\/jednostki.uksw.edu.pl\/sjo\/egzaminy\/egzaminy-z-jezyka-obcego-erasmus\/"},"modified":"2026-02-24T08:08:26","modified_gmt":"2026-02-24T07:08:26","slug":"egzaminy-z-jezyka-obcego-erasmus","status":"publish","type":"page","link":"https:\/\/sjo.uksw.edu.pl\/egzaminy\/egzaminy-z-jezyka-obcego-erasmus\/","title":{"rendered":"Egzaminy z j\u0119zyka obcego &#8211; Erasmus +"},"content":{"rendered":"\n<p>Uniwersytet Kardyna\u0142a Stefana Wyszy\u0144skiego w Warszawie<\/p>\n\n\n\n<p>Forma egzaminu: pisemna (test okre\u015blaj\u0105cy poziom znajomo\u015bci j\u0119zyka) <\/p>\n\n\n\n<p>termin egzaminu: <br><strong>24.02.2026 <\/strong>(wtorek) <br>test online &#8211; platforma Moodle; <br>testy b\u0119d\u0105 udost\u0119pnione w godz. 8.30-19.00<br>czas trwania testu: 60 minut<br>(testy zamykaj\u0105 si\u0119 o godz. 19.00)<\/p>\n\n\n\n<p>kod do test\u00f3w na Platformie Moodle: <a href=\"https:\/\/e.uksw.edu.pl\/course\/view.php?id=56015\">C-JO-ERASMUS+_2025\/26_L_LEK_NOW_GR1<\/a><\/p>\n\n\n\n<p>Uwaga! do testu mog\u0105 przyst\u0105pi\u0107 tylko studenci zg\u0142oszeni do SJO przez koordynator\u00f3w<\/p>\n\n\n\n<p><\/p>\n\n\n\n<div class=\"wp-block-columns\">\n<div class=\"wp-block-column\" style=\"flex-basis:100%\">\r\n<div class=\"\">\r\n\r\n\r\n<div class=\"row\">\r\n\r\n     \r\n   <div class=\"contact_grey\" align=\"center\"> <strong>Pobierz plik<\/strong> <\/div>\r\n  \r\n \r\n\r\n<\/div>\r\n<\/div>\r\n<div class=\"space20\"><\/div>\r\n\r\n<\/div>\n<\/div>\n\n\n\n<h2 class=\"wp-block-heading\"><\/h2>\n","protected":false},"excerpt":{"rendered":"<p>Uniwersytet Kardyna\u0142a Stefana Wyszy\u0144skiego w Warszawie Forma egzaminu: pisemna (test okre\u015blaj\u0105cy poziom znajomo\u015bci j\u0119zyka) termin egzaminu: 24.02.2026 (wtorek) test online &#8211; platforma Moodle; testy b\u0119d\u0105 udost\u0119pnione w godz. 8.30-19.00czas trwania testu: 60 minut(testy zamykaj\u0105 si\u0119 o godz. 19.00) kod do test\u00f3w na Platformie Moodle: C-JO-ERASMUS+_2025\/26_L_LEK_NOW_GR1 Uwaga! do testu mog\u0105 przyst\u0105pi\u0107 tylko studenci zg\u0142oszeni do SJO [&hellip;]<\/p>\n","protected":false},"author":1,"featured_media":0,"parent":3812,"menu_order":11,"comment_status":"closed","ping_status":"closed","template":"page-templates\/template-sub-page.php","meta":{"_acf_changed":false,"inline_featured_image":false,"footnotes":"","_links_to":"","_links_to_target":""},"class_list":["post-3814","page","type-page","status-publish","hentry"],"acf":[],"_links":{"self":[{"href":"https:\/\/sjo.uksw.edu.pl\/pl\/wp-json\/wp\/v2\/pages\/3814","targetHints":{"allow":["GET"]}}],"collection":[{"href":"https:\/\/sjo.uksw.edu.pl\/pl\/wp-json\/wp\/v2\/pages"}],"about":[{"href":"https:\/\/sjo.uksw.edu.pl\/pl\/wp-json\/wp\/v2\/types\/page"}],"author":[{"embeddable":true,"href":"https:\/\/sjo.uksw.edu.pl\/pl\/wp-json\/wp\/v2\/users\/1"}],"replies":[{"embeddable":true,"href":"https:\/\/sjo.uksw.edu.pl\/pl\/wp-json\/wp\/v2\/comments?post=3814"}],"version-history":[{"count":53,"href":"https:\/\/sjo.uksw.edu.pl\/pl\/wp-json\/wp\/v2\/pages\/3814\/revisions"}],"predecessor-version":[{"id":6787,"href":"https:\/\/sjo.uksw.edu.pl\/pl\/wp-json\/wp\/v2\/pages\/3814\/revisions\/6787"}],"up":[{"embeddable":true,"href":"https:\/\/sjo.uksw.edu.pl\/pl\/wp-json\/wp\/v2\/pages\/3812"}],"wp:attachment":[{"href":"https:\/\/sjo.uksw.edu.pl\/pl\/wp-json\/wp\/v2\/media?parent=3814"}],"curies":[{"name":"wp","href":"https:\/\/api.w.org\/{rel}","templated":true}]}}