{"id":3813,"date":"2022-11-14T15:05:16","date_gmt":"2022-11-14T14:05:16","guid":{"rendered":"https:\/\/jednostki.uksw.edu.pl\/sjo\/egzaminy\/egzamin-koncowy-z-jezyka-obcego\/"},"modified":"2026-04-13T11:22:11","modified_gmt":"2026-04-13T09:22:11","slug":"egzamin-koncowy-z-jezyka-obcego","status":"publish","type":"page","link":"https:\/\/sjo.uksw.edu.pl\/egzaminy\/egzamin-koncowy-z-jezyka-obcego\/","title":{"rendered":"Egzamin ko\u0144cowy z j\u0119zyka obcego"},"content":{"rendered":"\r\n<div class=\"\">\r\n\r\n\r\n<div class=\"row\">\r\n\r\n  \r\n<div class=\"col-xl-12 col-lg-12 col-md-12 col-sm-12 \">\r\n\t\t<div class=\"download_detils\">\r\n\t\t\t<a href=\"https:\/\/sjo.uksw.edu.pl\/wp-content\/uploads\/sites\/27\/2022\/11\/zarz_48_14.pdf\"  target=\"_blank\" >\r\n\t\t\t<img decoding=\"async\" src=\"https:\/\/sjo.uksw.edu.pl\/wp-content\/themes\/uksw\/images\/import.svg\" alt=\"\"> Zarz\u0105dzenie Nr 48\/2014 Rektora Uniwersytetu Kardyna\u0142a Stefana Wyszy\u0144skiego w\nWarszawie z dnia 16 lipca 2014 r. w sprawie obowi\u0105zk\u00f3w zwi\u0105zanych z\nprzeprowadzaniem egzamin\u00f3w i zalicze\u0144 oraz dokumentowaniem ich wynik\u00f3w w\nsystemie USOS.  [PDF,  0.07 MB]<\/a>\r\n\t\t<\/div>\r\n<\/div>\r\n\r\n\r\n\t\t\r\n<div class=\"col-xl-12 col-lg-12 col-md-12 col-sm-12 \">\r\n\t\t<div class=\"download_detils\">\r\n\t\t\t<a href=\"https:\/\/sjo.uksw.edu.pl\/wp-content\/uploads\/sites\/27\/2022\/11\/poziomy_bieglosci_jezykowej_2018-09-10_13-08-21.pdf\"  target=\"_blank\" >\r\n\t\t\t<img decoding=\"async\" src=\"https:\/\/sjo.uksw.edu.pl\/wp-content\/themes\/uksw\/images\/import.svg\" alt=\"\"> EUROPEJSKIE POZIOMY BIEG\u0141O\u015aCI J\u0118ZYKOWEJ \u2013 TABELA SAMOOCENY [PDF,  0.05 MB]<\/a>\r\n\t\t<\/div>\r\n<\/div>\r\n\r\n\r\n\t\t\r\n<div class=\"col-xl-12 col-lg-12 col-md-12 col-sm-12 \">\r\n\t\t<div class=\"download_detils\">\r\n\t\t\t<a href=\"https:\/\/sjo.uksw.edu.pl\/wp-content\/uploads\/sites\/27\/2026\/04\/ProceduryB2_od-egz.-w-r.-ak.-2024-2025.pdf\"  target=\"_blank\" >\r\n\t\t\t<img decoding=\"async\" src=\"https:\/\/sjo.uksw.edu.pl\/wp-content\/themes\/uksw\/images\/import.svg\" alt=\"\"> PROCEDURY EGZAMINU KO\u0143COWEGO B2 &#8211; dla student\u00f3w, kt\u00f3rzy b\u0119d\u0105 zdawa\u0107\negzamin w sesji letniej r. ak. 2025\/26  [PDF,  0.05 MB]<\/a>\r\n\t\t<\/div>\r\n<\/div>\r\n\r\n\r\n\t\t\r\n<div class=\"col-xl-12 col-lg-12 col-md-12 col-sm-12 \">\r\n\t\t<div class=\"download_detils\">\r\n\t\t\t<a href=\"https:\/\/sjo.uksw.edu.pl\/wp-content\/uploads\/sites\/27\/2026\/04\/ProceduryC1_od-egz.-w-r.-ak.-2024-2025.pdf\"  target=\"_blank\" >\r\n\t\t\t<img decoding=\"async\" src=\"https:\/\/sjo.uksw.edu.pl\/wp-content\/themes\/uksw\/images\/import.svg\" alt=\"\"> PROCEDURY EGZAMINU KO\u0143COWEGO C1 &#8211; dla student\u00f3w, kt\u00f3rzy b\u0119d\u0105 zdawa\u0107\negzamin w sesji letniej r. ak. 2025\/26  [PDF,  0.05 MB]<\/a>\r\n\t\t<\/div>\r\n<\/div>\r\n\r\n\r\n\t\t\r\n\t\t \r\n\r\n<\/div>\r\n<\/div>\r\n<div class=\"space20\"><\/div>\r\n\r\n\n\n\n<p><\/p>\n\n\n\r\n<div class=\"\">\r\n\r\n\r\n<div class=\"row\">\r\n\r\n  \r\n<div class=\"col-xl-12 col-lg-12 col-md-12 col-sm-12 \">\r\n\t\t<div class=\"download_detils\">\r\n\t\t\t<a href=\"https:\/\/sjo.uksw.edu.pl\/wp-content\/uploads\/sites\/27\/2022\/11\/zagadnienia-leksykalne-material-gramatyczny-z-jezyka-angielskiego-ogolnego-egzamin-na-poziomie-B2.pdf\"  target=\"_blank\" >\r\n\t\t\t<img decoding=\"async\" src=\"https:\/\/sjo.uksw.edu.pl\/wp-content\/themes\/uksw\/images\/import.svg\" alt=\"\"> Zagadnienia leksykalne, materia\u0142 gramatyczny z j\u0119zyka angielskiego og\u00f3lnego &#8211;\negzamin na poziomie B2 [PDF,  0.05 MB]<\/a>\r\n\t\t<\/div>\r\n<\/div>\r\n\r\n\r\n\t\t\r\n<div class=\"col-xl-12 col-lg-12 col-md-12 col-sm-12 \">\r\n\t\t<div class=\"download_detils\">\r\n\t\t\t<a href=\"https:\/\/sjo.uksw.edu.pl\/wp-content\/uploads\/sites\/27\/2022\/11\/zagadnienia-leksykalne-z-jezyka-angielskiego-specjalistycznego-dla-WM_0.pdf\"  target=\"_blank\" >\r\n\t\t\t<img decoding=\"async\" src=\"https:\/\/sjo.uksw.edu.pl\/wp-content\/themes\/uksw\/images\/import.svg\" alt=\"\"> Zagadnienia leksykalne z j\u0119zyka angielskiego specjalistycznego dla WM.CM &#8211;\negzamin na poziomie B2 [PDF,  0.04 MB]<\/a>\r\n\t\t<\/div>\r\n<\/div>\r\n\r\n\r\n\t\t\r\n<div class=\"col-xl-12 col-lg-12 col-md-12 col-sm-12 \">\r\n\t\t<div class=\"download_detils\">\r\n\t\t\t<a href=\"https:\/\/sjo.uksw.edu.pl\/wp-content\/uploads\/sites\/27\/2022\/11\/EgzaminProbnyB2_0.pdf\"  target=\"_blank\" >\r\n\t\t\t<img decoding=\"async\" src=\"https:\/\/sjo.uksw.edu.pl\/wp-content\/themes\/uksw\/images\/import.svg\" alt=\"\"> Przyk\u0142adowy egzamin ko\u0144cowy z j\u0119zyka angielskiego na poziomie B2 [PDF,  0.17 MB]<\/a>\r\n\t\t<\/div>\r\n<\/div>\r\n\r\n\r\n\t\t\r\n<div class=\"col-xl-12 col-lg-12 col-md-12 col-sm-12 \">\r\n\t\t<div class=\"download_detils\">\r\n\t\t\t<a href=\"https:\/\/sjo.uksw.edu.pl\/wp-content\/uploads\/sites\/27\/2022\/11\/EgzaminProbnyC1.pdf\"  target=\"_blank\" >\r\n\t\t\t<img decoding=\"async\" src=\"https:\/\/sjo.uksw.edu.pl\/wp-content\/themes\/uksw\/images\/import.svg\" alt=\"\"> Przyk\u0142adowy egzamin ko\u0144cowy z j\u0119zyka angielskiego na poziomie C1 [PDF,  0.44 MB]<\/a>\r\n\t\t<\/div>\r\n<\/div>\r\n\r\n\r\n\t\t\r\n<div class=\"col-xl-12 col-lg-12 col-md-12 col-sm-12 \">\r\n\t\t<div class=\"download_detils\">\r\n\t\t\t<a href=\"https:\/\/sjo.uksw.edu.pl\/wp-content\/uploads\/sites\/27\/2022\/11\/egzamin-probny-JW-B2_0.pdf\"  target=\"_blank\" >\r\n\t\t\t<img decoding=\"async\" src=\"https:\/\/sjo.uksw.edu.pl\/wp-content\/themes\/uksw\/images\/import.svg\" alt=\"\"> Przyk\u0142adowy egzamin ko\u0144cowy z j\u0119zyka w\u0142oskiego na poziomie B2 [PDF,  0.16 MB]<\/a>\r\n\t\t<\/div>\r\n<\/div>\r\n\r\n\r\n\t\t\r\n<div class=\"col-xl-12 col-lg-12 col-md-12 col-sm-12 \">\r\n\t\t<div class=\"download_detils\">\r\n\t\t\t<a href=\"https:\/\/sjo.uksw.edu.pl\/wp-content\/uploads\/sites\/27\/2022\/11\/egzamin-probny-JF-B2.pdf\"  target=\"_blank\" >\r\n\t\t\t<img decoding=\"async\" src=\"https:\/\/sjo.uksw.edu.pl\/wp-content\/themes\/uksw\/images\/import.svg\" alt=\"\"> Przyk\u0142adowy egzamin ko\u0144cowy z j\u0119zyka francuskiego na poziomie B2 [PDF,  0.53 MB]<\/a>\r\n\t\t<\/div>\r\n<\/div>\r\n\r\n\r\n\t\t\r\n<div class=\"col-xl-12 col-lg-12 col-md-12 col-sm-12 \">\r\n\t\t<div class=\"download_detils\">\r\n\t\t\t<a href=\"https:\/\/sjo.uksw.edu.pl\/wp-content\/uploads\/sites\/27\/2022\/11\/egzamin-probny-JH-B2.pdf\"  target=\"_blank\" >\r\n\t\t\t<img decoding=\"async\" src=\"https:\/\/sjo.uksw.edu.pl\/wp-content\/themes\/uksw\/images\/import.svg\" alt=\"\"> Przyk\u0142adowy egzamin ko\u0144cowy z j\u0119zyka hiszpa\u0144skiego na poziomie B2 [PDF,  0.17 MB]<\/a>\r\n\t\t<\/div>\r\n<\/div>\r\n\r\n\r\n\t\t\r\n<div class=\"col-xl-12 col-lg-12 col-md-12 col-sm-12 \">\r\n\t\t<div class=\"download_detils\">\r\n\t\t\t<a href=\"https:\/\/sjo.uksw.edu.pl\/wp-content\/uploads\/sites\/27\/2022\/11\/egzamin-probny-JR-B2.pdf\"  target=\"_blank\" >\r\n\t\t\t<img decoding=\"async\" src=\"https:\/\/sjo.uksw.edu.pl\/wp-content\/themes\/uksw\/images\/import.svg\" alt=\"\"> Przyk\u0142adowy egzamin ko\u0144cowy z j\u0119zyka rosyjskiego na poziomie B2 [PDF,  0.10 MB]<\/a>\r\n\t\t<\/div>\r\n<\/div>\r\n\r\n\r\n\t\t\r\n\t\t \r\n\r\n<\/div>\r\n<\/div>\r\n<div class=\"space20\"><\/div>\r\n\r\n\n\n\n<p><strong>SESJA EGZAMINACYJNA:<\/strong> https:\/\/sjo.uksw.edu.pl\/2023\/11\/23\/egzamin-centralny-z-jezyka-obcego-nowozytnego-2022-2023-sesja-zimowa\/<\/p>\n","protected":false},"excerpt":{"rendered":"<p>SESJA EGZAMINACYJNA: https:\/\/sjo.uksw.edu.pl\/2023\/11\/23\/egzamin-centralny-z-jezyka-obcego-nowozytnego-2022-2023-sesja-zimowa\/<\/p>\n","protected":false},"author":1,"featured_media":0,"parent":3812,"menu_order":10,"comment_status":"closed","ping_status":"closed","template":"page-templates\/template-sub-page.php","meta":{"_acf_changed":false,"inline_featured_image":false,"footnotes":"","_links_to":"","_links_to_target":""},"class_list":["post-3813","page","type-page","status-publish","hentry"],"acf":[],"_links":{"self":[{"href":"https:\/\/sjo.uksw.edu.pl\/pl\/wp-json\/wp\/v2\/pages\/3813","targetHints":{"allow":["GET"]}}],"collection":[{"href":"https:\/\/sjo.uksw.edu.pl\/pl\/wp-json\/wp\/v2\/pages"}],"about":[{"href":"https:\/\/sjo.uksw.edu.pl\/pl\/wp-json\/wp\/v2\/types\/page"}],"author":[{"embeddable":true,"href":"https:\/\/sjo.uksw.edu.pl\/pl\/wp-json\/wp\/v2\/users\/1"}],"replies":[{"embeddable":true,"href":"https:\/\/sjo.uksw.edu.pl\/pl\/wp-json\/wp\/v2\/comments?post=3813"}],"version-history":[{"count":30,"href":"https:\/\/sjo.uksw.edu.pl\/pl\/wp-json\/wp\/v2\/pages\/3813\/revisions"}],"predecessor-version":[{"id":6880,"href":"https:\/\/sjo.uksw.edu.pl\/pl\/wp-json\/wp\/v2\/pages\/3813\/revisions\/6880"}],"up":[{"embeddable":true,"href":"https:\/\/sjo.uksw.edu.pl\/pl\/wp-json\/wp\/v2\/pages\/3812"}],"wp:attachment":[{"href":"https:\/\/sjo.uksw.edu.pl\/pl\/wp-json\/wp\/v2\/media?parent=3813"}],"curies":[{"name":"wp","href":"https:\/\/api.w.org\/{rel}","templated":true}]}}