{"id":3811,"date":"2022-11-14T15:05:15","date_gmt":"2022-11-14T14:05:15","guid":{"rendered":"https:\/\/jednostki.uksw.edu.pl\/sjo\/doktoranci\/"},"modified":"2026-01-30T14:07:27","modified_gmt":"2026-01-30T13:07:27","slug":"doktoranci","status":"publish","type":"page","link":"https:\/\/sjo.uksw.edu.pl\/doktoranci\/","title":{"rendered":"Doktoranci"},"content":{"rendered":"\n<h2 class=\"wp-block-heading\">Do pobrania<\/h2>\n\n\n\r\n<div class=\"\">\r\n\r\n\r\n<div class=\"row\">\r\n\r\n  \r\n<div class=\"col-xl-12 col-lg-12 col-md-12 col-sm-12 \">\r\n\t\t<div class=\"download_detils\">\r\n\t\t\t<a href=\"https:\/\/sjo.uksw.edu.pl\/wp-content\/uploads\/sites\/27\/2024\/11\/procedury-egzaminu-doktorskiego.pdf\"  target=\"_blank\" >\r\n\t\t\t<img decoding=\"async\" src=\"https:\/\/sjo.uksw.edu.pl\/wp-content\/themes\/uksw\/images\/import.svg\" alt=\"\"> Procedury egzaminu doktorskiego z j\u0119zyka obcego nowo\u017cytnego [PDF,  0.04 MB]<\/a>\r\n\t\t<\/div>\r\n<\/div>\r\n\r\n\r\n\t\t\r\n<div class=\"col-xl-12 col-lg-12 col-md-12 col-sm-12 \">\r\n\t\t<div class=\"download_detils\">\r\n\t\t\t<a href=\"https:\/\/sjo.uksw.edu.pl\/wp-content\/uploads\/sites\/27\/2022\/11\/rozporzadzenie-MNiSW-z-19.01.2018.pdf\"  target=\"_blank\" >\r\n\t\t\t<img decoding=\"async\" src=\"https:\/\/sjo.uksw.edu.pl\/wp-content\/themes\/uksw\/images\/import.svg\" alt=\"\"> ROZPORZ\u0104DZENIE MINISTRA NAUKI I SZKOLNICTWA WY\u017bSZEGO z dnia 19 stycznia 2018\nr. w sprawie szczeg\u00f3\u0142owego trybu i warunk\u00f3w przeprowadzania czynno\u015bci w\nprzewodzie doktorskim, w post\u0119powaniu habilitacyjnym oraz w post\u0119powaniu o\nnadanie tytu\u0142u profesora. [PDF,  0.17 MB]<\/a>\r\n\t\t<\/div>\r\n<\/div>\r\n\r\n\r\n\t\t\r\n<div class=\"col-xl-12 col-lg-12 col-md-12 col-sm-12 \">\r\n\t\t<div class=\"download_detils\">\r\n\t\t\t<a href=\"https:\/\/sjo.uksw.edu.pl\/wp-content\/uploads\/sites\/27\/2025\/09\/PLAN-ZAJEC-SJO_SzD-2025-2026-zima.pdf\"  target=\"_blank\" >\r\n\t\t\t<img decoding=\"async\" src=\"https:\/\/sjo.uksw.edu.pl\/wp-content\/themes\/uksw\/images\/import.svg\" alt=\"\"> PLAN ZAJ\u0118\u0106 &#8211; rok akademicki 2025\/26 semestr zimowy [PDF,  0.03 MB]<\/a>\r\n\t\t<\/div>\r\n<\/div>\r\n\r\n\r\n\t\t\r\n<div class=\"col-xl-12 col-lg-12 col-md-12 col-sm-12 \">\r\n\t\t<div class=\"download_detils\">\r\n\t\t\t<a href=\"https:\/\/sjo.uksw.edu.pl\/wp-content\/uploads\/sites\/27\/2026\/01\/PLAN-ZAJEC-SJO_SzD-2025-2026-lato.pdf\"  title=\"PLAN ZAJ\u0118\u0106 - rok akademicki 2025\/26 semestr letni\" download >\r\n\t\t\t<img decoding=\"async\" src=\"https:\/\/sjo.uksw.edu.pl\/wp-content\/themes\/uksw\/images\/import.svg\" alt=\"\"> PLAN ZAJ\u0118\u0106 &#8211; rok akademicki 2025\/26 semestr letni [PDF,  0.03 MB]<\/a>\r\n\t\t<\/div>\r\n<\/div>\r\n\r\n\r\n\t\t\r\n\t\t \r\n\r\n<\/div>\r\n<\/div>\r\n<div class=\"space20\"><\/div>\r\n\r\n\n\n\n<p><\/p>\n","protected":false},"excerpt":{"rendered":"<p>Do pobrania<\/p>\n","protected":false},"author":1,"featured_media":4525,"parent":0,"menu_order":8,"comment_status":"closed","ping_status":"closed","template":"page-templates\/template-sub-page.php","meta":{"_acf_changed":false,"inline_featured_image":false,"footnotes":"","_links_to":"","_links_to_target":""},"class_list":["post-3811","page","type-page","status-publish","has-post-thumbnail","hentry"],"acf":[],"_links":{"self":[{"href":"https:\/\/sjo.uksw.edu.pl\/pl\/wp-json\/wp\/v2\/pages\/3811","targetHints":{"allow":["GET"]}}],"collection":[{"href":"https:\/\/sjo.uksw.edu.pl\/pl\/wp-json\/wp\/v2\/pages"}],"about":[{"href":"https:\/\/sjo.uksw.edu.pl\/pl\/wp-json\/wp\/v2\/types\/page"}],"author":[{"embeddable":true,"href":"https:\/\/sjo.uksw.edu.pl\/pl\/wp-json\/wp\/v2\/users\/1"}],"replies":[{"embeddable":true,"href":"https:\/\/sjo.uksw.edu.pl\/pl\/wp-json\/wp\/v2\/comments?post=3811"}],"version-history":[{"count":29,"href":"https:\/\/sjo.uksw.edu.pl\/pl\/wp-json\/wp\/v2\/pages\/3811\/revisions"}],"predecessor-version":[{"id":6739,"href":"https:\/\/sjo.uksw.edu.pl\/pl\/wp-json\/wp\/v2\/pages\/3811\/revisions\/6739"}],"wp:featuredmedia":[{"embeddable":true,"href":"https:\/\/sjo.uksw.edu.pl\/pl\/wp-json\/wp\/v2\/media\/4525"}],"wp:attachment":[{"href":"https:\/\/sjo.uksw.edu.pl\/pl\/wp-json\/wp\/v2\/media?parent=3811"}],"curies":[{"name":"wp","href":"https:\/\/api.w.org\/{rel}","templated":true}]}}