{"id":3810,"date":"2022-11-14T15:05:15","date_gmt":"2022-11-14T14:05:15","guid":{"rendered":"https:\/\/jednostki.uksw.edu.pl\/sjo\/studenci\/utwory-studentow\/"},"modified":"2026-01-16T08:31:03","modified_gmt":"2026-01-16T07:31:03","slug":"utwory-studentow","status":"publish","type":"page","link":"https:\/\/sjo.uksw.edu.pl\/studenci\/utwory-studentow\/","title":{"rendered":"Utwory student\u00f3w"},"content":{"rendered":"\n<h2 class=\"wp-block-heading\">Wiersze<\/h2>\n\n\n\n<p>Prezentowane utwory poetyckie zosta\u0142y napisane przez student\u00f3w, kt\u00f3rzy uczestniczyli w&nbsp;<strong>trzeciej cz\u0119\u015bci Tryptyku Lekcji Otwartych<\/strong>.&nbsp; Projekt ten zosta\u0142 zrealizowany w ramach zaj\u0119\u0107 lektoratu&nbsp; j\u0119zyka angielskiego. Tematem g\u0142\u00f3wnym trzeciego spotkania by\u0142y inspiracja i kreacja. Studenci analizowali fragmenty wyk\u0142ad\u00f3w i homilii wyg\u0142oszonych przez Kardyna\u0142a Stefana Wyszy\u0144skiego, kt\u00f3re by\u0142y inspiracj\u0105 do napisania wierszy oraz fragmenty Tryptyku Rzymskiego (Roman Triptych) Jana Paw\u0142a II.<\/p>\n\n\n\n<p>Cz\u0119\u015b\u0107 pierwsza zawiera wiersze wpisane w ustalon\u0105 struktur\u0119 (guided practice), cze\u015b\u0107 druga przedstawia utwory poetyckie pisane na dowolny temat (free practice).<\/p>\n\n\n\n<p>W kr\u00f3tkim wst\u0119pie do cz\u0119\u015bci pierwszej i drugiej podano opis zadania jaki by\u0142 przedstawiony&nbsp; studentom.<\/p>\n\n\n\n<h3 class=\"wp-block-heading\">Plik z wierszami:<\/h3>\n\n\n\r\n<div class=\"\">\r\n\r\n\r\n<div class=\"row\">\r\n\r\n  \r\n<div class=\"col-xl-12 col-lg-12 col-md-12 col-sm-12 \">\r\n\t\t<div class=\"download_detils\">\r\n\t\t\t<a href=\"https:\/\/sjo.uksw.edu.pl\/wp-content\/uploads\/sites\/27\/2026\/01\/Utwory-Studentow-2025.pdf\"  title=\"Utwory student\u00f3w 2025\" download >\r\n\t\t\t<img decoding=\"async\" src=\"https:\/\/sjo.uksw.edu.pl\/wp-content\/themes\/uksw\/images\/import.svg\" alt=\"\"> Utwory student\u00f3w 2025 [PDF,  1.02 MB]<\/a>\r\n\t\t<\/div>\r\n<\/div>\r\n\r\n\r\n\t\t\r\n<div class=\"col-xl-12 col-lg-12 col-md-12 col-sm-12 \">\r\n\t\t<div class=\"download_detils\">\r\n\t\t\t<a href=\"https:\/\/sjo.uksw.edu.pl\/wp-content\/uploads\/sites\/27\/2026\/01\/Utwory-Studentow-2024.pdf\"  title=\"Utwory student\u00f3w 2024\" download >\r\n\t\t\t<img decoding=\"async\" src=\"https:\/\/sjo.uksw.edu.pl\/wp-content\/themes\/uksw\/images\/import.svg\" alt=\"\"> Utwory student\u00f3w 2024 [PDF,  1.11 MB]<\/a>\r\n\t\t<\/div>\r\n<\/div>\r\n\r\n\r\n\t\t\r\n<div class=\"col-xl-12 col-lg-12 col-md-12 col-sm-12 \">\r\n\t\t<div class=\"download_detils\">\r\n\t\t\t<a href=\"https:\/\/sjo.uksw.edu.pl\/wp-content\/uploads\/sites\/27\/2024\/02\/Utwory-Studentow-2023.pdf\"  title=\"Utwory student\u00f3w 2023\" download >\r\n\t\t\t<img decoding=\"async\" src=\"https:\/\/sjo.uksw.edu.pl\/wp-content\/themes\/uksw\/images\/import.svg\" alt=\"\"> Utwory student\u00f3w 2023 [PDF,  1.47 MB]<\/a>\r\n\t\t<\/div>\r\n<\/div>\r\n\r\n\r\n\t\t\r\n<div class=\"col-xl-12 col-lg-12 col-md-12 col-sm-12 \">\r\n\t\t<div class=\"download_detils\">\r\n\t\t\t<a href=\"https:\/\/sjo.uksw.edu.pl\/wp-content\/uploads\/sites\/27\/2024\/02\/Utwory-Studentow-2022.pdf\"  title=\"Utwory student\u00f3w 2022\" download >\r\n\t\t\t<img decoding=\"async\" src=\"https:\/\/sjo.uksw.edu.pl\/wp-content\/themes\/uksw\/images\/import.svg\" alt=\"\"> Utwory student\u00f3w 2022 [PDF,  1.07 MB]<\/a>\r\n\t\t<\/div>\r\n<\/div>\r\n\r\n\r\n\t\t\r\n\t\t \r\n\r\n<\/div>\r\n<\/div>\r\n<div class=\"space20\"><\/div>\r\n\r\n\n\n\r\n<div class=\"\">\r\n\r\n\r\n<div class=\"row\">\r\n\r\n  \r\n<div class=\"col-xl-12 col-lg-12 col-md-12 col-sm-12 \">\r\n\t\t<div class=\"download_detils\">\r\n\t\t\t<a href=\"https:\/\/sjo.uksw.edu.pl\/wp-content\/uploads\/sites\/27\/2022\/11\/Utwory-Studentow-2021.pdf\"  target=\"_blank\" >\r\n\t\t\t<img decoding=\"async\" src=\"https:\/\/sjo.uksw.edu.pl\/wp-content\/themes\/uksw\/images\/import.svg\" alt=\"\"> Utwory student\u00f3w 2021 [PDF,  0.61 MB]<\/a>\r\n\t\t<\/div>\r\n<\/div>\r\n\r\n\r\n\t\t\r\n<div class=\"col-xl-12 col-lg-12 col-md-12 col-sm-12 \">\r\n\t\t<div class=\"download_detils\">\r\n\t\t\t<a href=\"https:\/\/sjo.uksw.edu.pl\/wp-content\/uploads\/sites\/27\/2022\/11\/Utwory-Studentow-2020.pdf\"  target=\"_blank\" >\r\n\t\t\t<img decoding=\"async\" src=\"https:\/\/sjo.uksw.edu.pl\/wp-content\/themes\/uksw\/images\/import.svg\" alt=\"\"> Utwory student\u00f3w 2020 [PDF,  0.98 MB]<\/a>\r\n\t\t<\/div>\r\n<\/div>\r\n\r\n\r\n\t\t\r\n<div class=\"col-xl-12 col-lg-12 col-md-12 col-sm-12 \">\r\n\t\t<div class=\"download_detils\">\r\n\t\t\t<a href=\"https:\/\/sjo.uksw.edu.pl\/wp-content\/uploads\/sites\/27\/2022\/11\/Utwory-Studentow-2019.pdf\"  target=\"_blank\" >\r\n\t\t\t<img decoding=\"async\" src=\"https:\/\/sjo.uksw.edu.pl\/wp-content\/themes\/uksw\/images\/import.svg\" alt=\"\"> Utwory student\u00f3w 2019 [PDF,  0.87 MB]<\/a>\r\n\t\t<\/div>\r\n<\/div>\r\n\r\n\r\n\t\t\r\n<div class=\"col-xl-12 col-lg-12 col-md-12 col-sm-12 \">\r\n\t\t<div class=\"download_detils\">\r\n\t\t\t<a href=\"https:\/\/sjo.uksw.edu.pl\/wp-content\/uploads\/sites\/27\/2022\/11\/UKSW-Utwory-Studentow-2017.pdf\"  target=\"_blank\" >\r\n\t\t\t<img decoding=\"async\" src=\"https:\/\/sjo.uksw.edu.pl\/wp-content\/themes\/uksw\/images\/import.svg\" alt=\"\"> Utwory student\u00f3w 2017 [PDF,  1.34 MB]<\/a>\r\n\t\t<\/div>\r\n<\/div>\r\n\r\n\r\n\t\t\r\n<div class=\"col-xl-12 col-lg-12 col-md-12 col-sm-12 \">\r\n\t\t<div class=\"download_detils\">\r\n\t\t\t<a href=\"https:\/\/sjo.uksw.edu.pl\/wp-content\/uploads\/sites\/27\/2022\/11\/UKSW-Utwory-Studentow-2016_0.pdf\"  target=\"_blank\" >\r\n\t\t\t<img decoding=\"async\" src=\"https:\/\/sjo.uksw.edu.pl\/wp-content\/themes\/uksw\/images\/import.svg\" alt=\"\"> Utwory student\u00f3w 2016 [PDF,  0.82 MB]<\/a>\r\n\t\t<\/div>\r\n<\/div>\r\n\r\n\r\n\t\t\r\n<div class=\"col-xl-12 col-lg-12 col-md-12 col-sm-12 \">\r\n\t\t<div class=\"download_detils\">\r\n\t\t\t<a href=\"https:\/\/sjo.uksw.edu.pl\/wp-content\/uploads\/sites\/27\/2022\/11\/UKSW-Utwory-Studentow-2015_0.pdf\"  target=\"_blank\" >\r\n\t\t\t<img decoding=\"async\" src=\"https:\/\/sjo.uksw.edu.pl\/wp-content\/themes\/uksw\/images\/import.svg\" alt=\"\"> Utwory student\u00f3w 2015 [PDF,  0.83 MB]<\/a>\r\n\t\t<\/div>\r\n<\/div>\r\n\r\n\r\n\t\t\r\n<div class=\"col-xl-12 col-lg-12 col-md-12 col-sm-12 \">\r\n\t\t<div class=\"download_detils\">\r\n\t\t\t<a href=\"https:\/\/sjo.uksw.edu.pl\/wp-content\/uploads\/sites\/27\/2022\/11\/UKSW-Utwory-Studentow-2014_0.pdf\"  target=\"_blank\" >\r\n\t\t\t<img decoding=\"async\" src=\"https:\/\/sjo.uksw.edu.pl\/wp-content\/themes\/uksw\/images\/import.svg\" alt=\"\"> Utwory student\u00f3w 2014 [PDF,  0.49 MB]<\/a>\r\n\t\t<\/div>\r\n<\/div>\r\n\r\n\r\n\t\t\r\n<div class=\"col-xl-12 col-lg-12 col-md-12 col-sm-12 \">\r\n\t\t<div class=\"download_detils\">\r\n\t\t\t<a href=\"https:\/\/sjo.uksw.edu.pl\/wp-content\/uploads\/sites\/27\/2022\/11\/UKSW-Utwory-Studentow-2013_0.pdf\"  target=\"_blank\" >\r\n\t\t\t<img decoding=\"async\" src=\"https:\/\/sjo.uksw.edu.pl\/wp-content\/themes\/uksw\/images\/import.svg\" alt=\"\"> Utwory student\u00f3w 2013 [PDF,  0.45 MB]<\/a>\r\n\t\t<\/div>\r\n<\/div>\r\n\r\n\r\n\t\t\r\n\t\t \r\n\r\n<\/div>\r\n<\/div>\r\n<div class=\"space20\"><\/div>\r\n\r\n","protected":false},"excerpt":{"rendered":"<p>Wiersze Prezentowane utwory poetyckie zosta\u0142y napisane przez student\u00f3w, kt\u00f3rzy uczestniczyli w&nbsp;trzeciej cz\u0119\u015bci Tryptyku Lekcji Otwartych.&nbsp; Projekt ten zosta\u0142 zrealizowany w ramach zaj\u0119\u0107 lektoratu&nbsp; j\u0119zyka angielskiego. Tematem g\u0142\u00f3wnym trzeciego spotkania by\u0142y inspiracja i kreacja. Studenci analizowali fragmenty wyk\u0142ad\u00f3w i homilii wyg\u0142oszonych przez Kardyna\u0142a Stefana Wyszy\u0144skiego, kt\u00f3re by\u0142y inspiracj\u0105 do napisania wierszy oraz fragmenty Tryptyku Rzymskiego (Roman [&hellip;]<\/p>\n","protected":false},"author":1,"featured_media":0,"parent":3805,"menu_order":7,"comment_status":"closed","ping_status":"closed","template":"page-templates\/template-sub-page.php","meta":{"_acf_changed":false,"inline_featured_image":false,"footnotes":"","_links_to":"","_links_to_target":""},"class_list":["post-3810","page","type-page","status-publish","hentry"],"acf":[],"_links":{"self":[{"href":"https:\/\/sjo.uksw.edu.pl\/pl\/wp-json\/wp\/v2\/pages\/3810","targetHints":{"allow":["GET"]}}],"collection":[{"href":"https:\/\/sjo.uksw.edu.pl\/pl\/wp-json\/wp\/v2\/pages"}],"about":[{"href":"https:\/\/sjo.uksw.edu.pl\/pl\/wp-json\/wp\/v2\/types\/page"}],"author":[{"embeddable":true,"href":"https:\/\/sjo.uksw.edu.pl\/pl\/wp-json\/wp\/v2\/users\/1"}],"replies":[{"embeddable":true,"href":"https:\/\/sjo.uksw.edu.pl\/pl\/wp-json\/wp\/v2\/comments?post=3810"}],"version-history":[{"count":9,"href":"https:\/\/sjo.uksw.edu.pl\/pl\/wp-json\/wp\/v2\/pages\/3810\/revisions"}],"predecessor-version":[{"id":6689,"href":"https:\/\/sjo.uksw.edu.pl\/pl\/wp-json\/wp\/v2\/pages\/3810\/revisions\/6689"}],"up":[{"embeddable":true,"href":"https:\/\/sjo.uksw.edu.pl\/pl\/wp-json\/wp\/v2\/pages\/3805"}],"wp:attachment":[{"href":"https:\/\/sjo.uksw.edu.pl\/pl\/wp-json\/wp\/v2\/media?parent=3810"}],"curies":[{"name":"wp","href":"https:\/\/api.w.org\/{rel}","templated":true}]}}