{"id":3809,"date":"2022-11-14T15:05:14","date_gmt":"2022-11-14T14:05:14","guid":{"rendered":"https:\/\/jednostki.uksw.edu.pl\/sjo\/studenci\/suplement-do-dyplomu-w-jezyku-angielskim\/"},"modified":"2025-10-23T12:00:15","modified_gmt":"2025-10-23T10:00:15","slug":"suplement-do-dyplomu-w-jezyku-angielskim","status":"publish","type":"page","link":"https:\/\/sjo.uksw.edu.pl\/studenci\/suplement-do-dyplomu-w-jezyku-angielskim\/","title":{"rendered":"Suplement do dyplomu w j\u0119zyku angielskim"},"content":{"rendered":"\n<p>Sprawdzenie poprawno\u015bci t\u0142umaczenia danych do suplementu w&nbsp;j\u0119zyku angielskim<\/p>\n\n\n\n<p>Podpisy mo\u017cna uzyska\u0107 tylko i wy\u0142\u0105cznie od nast\u0119puj\u0105cych lektor\u00f3w:<br>1. dr Agnieszka Burakowska<br>2. mgr Ewa Che\u0142pi\u0144ska-Knue<br>3. mgr Piotr Wojciechowski<br><br>Przypominamy, \u017ce lektor nie t\u0142umaczy suplement\u00f3w lecz jedynie sprawdza poprawno\u015b\u0107 t\u0142umaczenia.<\/p>\n\n\n\n<p>Zapraszamy na dy\u017cury lektor\u00f3w:<br>https:\/\/sjo.uksw.edu.pl\/lektorzy\/dyzury-lektorow\/<\/p>\n","protected":false},"excerpt":{"rendered":"<p>Sprawdzenie poprawno\u015bci t\u0142umaczenia danych do suplementu w&nbsp;j\u0119zyku angielskim Podpisy mo\u017cna uzyska\u0107 tylko i wy\u0142\u0105cznie od nast\u0119puj\u0105cych lektor\u00f3w:1. dr Agnieszka Burakowska2. mgr Ewa Che\u0142pi\u0144ska-Knue3. mgr Piotr Wojciechowski Przypominamy, \u017ce lektor nie t\u0142umaczy suplement\u00f3w lecz jedynie sprawdza poprawno\u015b\u0107 t\u0142umaczenia. Zapraszamy na dy\u017cury lektor\u00f3w:https:\/\/sjo.uksw.edu.pl\/lektorzy\/dyzury-lektorow\/<\/p>\n","protected":false},"author":1,"featured_media":0,"parent":3805,"menu_order":6,"comment_status":"closed","ping_status":"closed","template":"page-templates\/template-sub-page.php","meta":{"_acf_changed":false,"inline_featured_image":false,"footnotes":"","_links_to":"","_links_to_target":""},"class_list":["post-3809","page","type-page","status-publish","hentry"],"acf":[],"_links":{"self":[{"href":"https:\/\/sjo.uksw.edu.pl\/pl\/wp-json\/wp\/v2\/pages\/3809","targetHints":{"allow":["GET"]}}],"collection":[{"href":"https:\/\/sjo.uksw.edu.pl\/pl\/wp-json\/wp\/v2\/pages"}],"about":[{"href":"https:\/\/sjo.uksw.edu.pl\/pl\/wp-json\/wp\/v2\/types\/page"}],"author":[{"embeddable":true,"href":"https:\/\/sjo.uksw.edu.pl\/pl\/wp-json\/wp\/v2\/users\/1"}],"replies":[{"embeddable":true,"href":"https:\/\/sjo.uksw.edu.pl\/pl\/wp-json\/wp\/v2\/comments?post=3809"}],"version-history":[{"count":13,"href":"https:\/\/sjo.uksw.edu.pl\/pl\/wp-json\/wp\/v2\/pages\/3809\/revisions"}],"predecessor-version":[{"id":6552,"href":"https:\/\/sjo.uksw.edu.pl\/pl\/wp-json\/wp\/v2\/pages\/3809\/revisions\/6552"}],"up":[{"embeddable":true,"href":"https:\/\/sjo.uksw.edu.pl\/pl\/wp-json\/wp\/v2\/pages\/3805"}],"wp:attachment":[{"href":"https:\/\/sjo.uksw.edu.pl\/pl\/wp-json\/wp\/v2\/media?parent=3809"}],"curies":[{"name":"wp","href":"https:\/\/api.w.org\/{rel}","templated":true}]}}