{"id":3807,"date":"2022-11-14T15:05:13","date_gmt":"2022-11-14T14:05:13","guid":{"rendered":"https:\/\/jednostki.uksw.edu.pl\/sjo\/studenci\/plan-zajec\/"},"modified":"2026-04-14T10:22:17","modified_gmt":"2026-04-14T08:22:17","slug":"plan-zajec","status":"publish","type":"page","link":"https:\/\/sjo.uksw.edu.pl\/studenci\/plan-zajec\/","title":{"rendered":"Plan zaj\u0119\u0107"},"content":{"rendered":"\n<h2 class=\"wp-block-heading\">Plan zaj\u0119\u0107 Studium J\u0119zyk\u00f3w Obcych<\/h2>\n\n\n\n<p><\/p>\n\n\n\r\n<div class=\"\">\r\n\r\n\r\n<div class=\"row\">\r\n\r\n  \r\n<div class=\"col-xl-12 col-lg-12 col-md-12 col-sm-12 \">\r\n\t\t<div class=\"download_detils\">\r\n\t\t\t<a href=\"https:\/\/sjo.uksw.edu.pl\/wp-content\/uploads\/sites\/27\/2025\/10\/PLAN-ZAJEC-SJO-2025-2026-zima_www-4.pdf\"  title=\"Plan zaj\u0119\u0107 (j\u0119zyk obcy nowo\u017cytny) 2025\/26 semestr zimowy\" download >\r\n\t\t\t<img decoding=\"async\" src=\"https:\/\/sjo.uksw.edu.pl\/wp-content\/themes\/uksw\/images\/import.svg\" alt=\"\"> Plan zaj\u0119\u0107 (j\u0119zyk obcy nowo\u017cytny) 2025\/26 semestr zimowy [PDF,  0.10 MB]<\/a>\r\n\t\t<\/div>\r\n<\/div>\r\n\r\n\r\n\t\t\r\n<div class=\"col-xl-12 col-lg-12 col-md-12 col-sm-12 \">\r\n\t\t<div class=\"download_detils\">\r\n\t\t\t<a href=\"https:\/\/sjo.uksw.edu.pl\/wp-content\/uploads\/sites\/27\/2026\/04\/PLAN-ZAJEC-SJO-2025-2026-lato.pdf\"  title=\"Plan zaj\u0119\u0107 (j\u0119zyk obcy nowo\u017cytny) 2025\/26 semestr letni\" download >\r\n\t\t\t<img decoding=\"async\" src=\"https:\/\/sjo.uksw.edu.pl\/wp-content\/themes\/uksw\/images\/import.svg\" alt=\"\"> Plan zaj\u0119\u0107 (j\u0119zyk obcy nowo\u017cytny) 2025\/26 semestr letni [PDF,  0.10 MB]<\/a>\r\n\t\t<\/div>\r\n<\/div>\r\n\r\n\r\n\t\t\r\n<div class=\"col-xl-12 col-lg-12 col-md-12 col-sm-12 \">\r\n\t\t<div class=\"download_detils\">\r\n\t\t\t<a href=\"https:\/\/sjo.uksw.edu.pl\/wp-content\/uploads\/sites\/27\/2025\/10\/PLAN-ZAJEC-LACINA-GREKA-SJO-2025-2026-zima_www-2.pdf\"  title=\"Plan zaj\u0119\u0107 (\u0142acina, greka) 2025\/26 semestr zimowy\" download >\r\n\t\t\t<img decoding=\"async\" src=\"https:\/\/sjo.uksw.edu.pl\/wp-content\/themes\/uksw\/images\/import.svg\" alt=\"\"> Plan zaj\u0119\u0107 (\u0142acina, greka) 2025\/26 semestr zimowy [PDF,  0.06 MB]<\/a>\r\n\t\t<\/div>\r\n<\/div>\r\n\r\n\r\n\t\t\r\n<div class=\"col-xl-12 col-lg-12 col-md-12 col-sm-12 \">\r\n\t\t<div class=\"download_detils\">\r\n\t\t\t<a href=\"https:\/\/sjo.uksw.edu.pl\/wp-content\/uploads\/sites\/27\/2026\/03\/PLAN-ZAJEC-LACINA-GREKA-SJO-2025-2026-lato-3.pdf\"  title=\"Plan zaj\u0119\u0107 (\u0142acina, greka) 2025\/26 semestr letni\" download >\r\n\t\t\t<img decoding=\"async\" src=\"https:\/\/sjo.uksw.edu.pl\/wp-content\/themes\/uksw\/images\/import.svg\" alt=\"\"> Plan zaj\u0119\u0107 (\u0142acina, greka) 2025\/26 semestr letni [PDF,  0.06 MB]<\/a>\r\n\t\t<\/div>\r\n<\/div>\r\n\r\n\r\n\t\t\r\n\t\t \r\n\r\n<\/div>\r\n<\/div>\r\n<div class=\"space20\"><\/div>\r\n\r\n\n\n\n<p><br><strong>zamiana dni dydaktycznych (semestr zimowy):<\/strong><br>12 listopada 2025 r. (\u015broda) \u2013 zaj\u0119cia dydaktyczne na studiach stacjonarnych odbywaj\u0105 si\u0119 wed\u0142ug<br>planu poniedzia\u0142kowego;<br>9 stycznia 2026 r. (pi\u0105tek) \u2013 zaj\u0119cia dydaktyczne na studiach stacjonarnych odbywaj\u0105 si\u0119 wed\u0142ug<br>planu wtorkowego;<\/p>\n\n\n\n<p><strong>zamiana dni dydaktycznych (semestr letni):<\/strong><br>1 kwietnia 2026 r. (\u015broda) \u2013 zaj\u0119cia dydaktyczne na studiach stacjonarnych odbywaj\u0105 si\u0119 wed\u0142ug<br>planu czwartkowego;<br>15 czerwca 2026 r. (poniedzia\u0142ek) \u2013 zaj\u0119cia dydaktyczne na studiach stacjonarnych odbywaj\u0105 si\u0119<br>wed\u0142ug planu czwartkowego;<br>16 czerwca 2026 r. (wtorek) \u2013 zaj\u0119cia dydaktyczne na studiach stacjonarnych odbywaj\u0105 si\u0119 wed\u0142ug<br>planu pi\u0105tkowego<br><br><strong>zmiany w planie zaj\u0119\u0107:<\/strong><br>mgr Ewa Che\u0142pi\u0144ska-Knue: 24.02, 25.02 i 24.03.2026 zaj\u0119cia odwo\u0142ane, zostan\u0105 realizowane wg. ustale\u0144 z lektorem<br>mgr Lidwina Olszewska: zaj\u0119cia gr. 1-K A2 z 27.03, godz. 11.30-13.00 zostaj\u0105 prze\u0142o\u017cone na 25.03, godz. 20.00-21.30 MSTeams<br>mgr Agnieszka \u015awi\u0119cicka: 1.04.2026 zaj\u0119cia zostan\u0105 zrealizowane na platformie Moodle<br>mgr Iwona Bartnicka: 1.04.2026 zaj\u0119cia zostan\u0105 zrealizowane na platformie Moodle<br>mgr Paulina Wrzos: 1.04.2026 zaj\u0119cia zostan\u0105 zrealizowane na platformie Moodle<br>mgr Lidwina Olszewska: 1.04.2026 zaj\u0119cia zostan\u0105 zrealizowane na MSTeams<br>dr Helena Linn: 9.04 i 10.04.2026 zaj\u0119cia odwo\u0142ane<br>dr El\u017cbieta Lesiak-Bielawska: 30.04.2026 zaj\u0119cia zostan\u0105 zrealizowane na platformie Moodle<br>mgr Sylwia Sikora: 3.06.2026 zaj\u0119cia odwo\u0142ane; zostan\u0105 zrealizowane wg. ustale\u0144 z lektorem<br><br><br><br> <br><br><br><br><\/p>\n","protected":false},"excerpt":{"rendered":"<p>Plan zaj\u0119\u0107 Studium J\u0119zyk\u00f3w Obcych zamiana dni dydaktycznych (semestr zimowy):12 listopada 2025 r. (\u015broda) \u2013 zaj\u0119cia dydaktyczne na studiach stacjonarnych odbywaj\u0105 si\u0119 wed\u0142ugplanu poniedzia\u0142kowego;9 stycznia 2026 r. (pi\u0105tek) \u2013 zaj\u0119cia dydaktyczne na studiach stacjonarnych odbywaj\u0105 si\u0119 wed\u0142ugplanu wtorkowego; zamiana dni dydaktycznych (semestr letni):1 kwietnia 2026 r. (\u015broda) \u2013 zaj\u0119cia dydaktyczne na studiach stacjonarnych odbywaj\u0105 si\u0119 [&hellip;]<\/p>\n","protected":false},"author":1,"featured_media":0,"parent":3805,"menu_order":4,"comment_status":"closed","ping_status":"closed","template":"page-templates\/template-sub-page.php","meta":{"_acf_changed":false,"inline_featured_image":false,"footnotes":"","_links_to":"","_links_to_target":""},"class_list":["post-3807","page","type-page","status-publish","hentry"],"acf":[],"_links":{"self":[{"href":"https:\/\/sjo.uksw.edu.pl\/pl\/wp-json\/wp\/v2\/pages\/3807","targetHints":{"allow":["GET"]}}],"collection":[{"href":"https:\/\/sjo.uksw.edu.pl\/pl\/wp-json\/wp\/v2\/pages"}],"about":[{"href":"https:\/\/sjo.uksw.edu.pl\/pl\/wp-json\/wp\/v2\/types\/page"}],"author":[{"embeddable":true,"href":"https:\/\/sjo.uksw.edu.pl\/pl\/wp-json\/wp\/v2\/users\/1"}],"replies":[{"embeddable":true,"href":"https:\/\/sjo.uksw.edu.pl\/pl\/wp-json\/wp\/v2\/comments?post=3807"}],"version-history":[{"count":429,"href":"https:\/\/sjo.uksw.edu.pl\/pl\/wp-json\/wp\/v2\/pages\/3807\/revisions"}],"predecessor-version":[{"id":6882,"href":"https:\/\/sjo.uksw.edu.pl\/pl\/wp-json\/wp\/v2\/pages\/3807\/revisions\/6882"}],"up":[{"embeddable":true,"href":"https:\/\/sjo.uksw.edu.pl\/pl\/wp-json\/wp\/v2\/pages\/3805"}],"wp:attachment":[{"href":"https:\/\/sjo.uksw.edu.pl\/pl\/wp-json\/wp\/v2\/media?parent=3807"}],"curies":[{"name":"wp","href":"https:\/\/api.w.org\/{rel}","templated":true}]}}