{"id":3806,"date":"2022-11-14T15:05:13","date_gmt":"2022-11-14T14:05:13","guid":{"rendered":"https:\/\/jednostki.uksw.edu.pl\/sjo\/studenci\/lektoraty\/"},"modified":"2025-09-12T10:59:25","modified_gmt":"2025-09-12T08:59:25","slug":"lektoraty","status":"publish","type":"page","link":"https:\/\/sjo.uksw.edu.pl\/studenci\/lektoraty\/","title":{"rendered":"Lektoraty"},"content":{"rendered":"\n<h2 class=\"wp-block-heading\"><\/h2>\n\n\n\r\n<div class=\"\">\r\n\r\n\r\n<div class=\"row\">\r\n\r\n  \r\n<div class=\"col-xl-12 col-lg-12 col-md-12 col-sm-12 \">\r\n\t\t<div class=\"download_detils\">\r\n\t\t\t<a href=\"https:\/\/sjo.uksw.edu.pl\/wp-content\/uploads\/sites\/27\/2024\/09\/procedury-organizacji-zajec-w-SJO_2024-2025.pdf\"  target=\"_blank\" >\r\n\t\t\t<img decoding=\"async\" src=\"https:\/\/sjo.uksw.edu.pl\/wp-content\/themes\/uksw\/images\/import.svg\" alt=\"\"> Procedury organizacji zaj\u0119\u0107 w Studium J\u0119zyk\u00f3w Obcych (j\u0119zyk obcy\nnowo\u017cytny) &#8211; 2024\/2025 [PDF,  0.04 MB]<\/a>\r\n\t\t<\/div>\r\n<\/div>\r\n\r\n\r\n\t\t\r\n<div class=\"col-xl-12 col-lg-12 col-md-12 col-sm-12 \">\r\n\t\t<div class=\"download_detils\">\r\n\t\t\t<a href=\"https:\/\/sjo.uksw.edu.pl\/wp-content\/uploads\/sites\/27\/2025\/09\/procedury-organizacji-zajec-w-SJO_2025-2026_jezyk-obcy-nowozytny.pdf\"  title=\"Procedury organizacji zaj\u0119\u0107 w Studium J\u0119zyk\u00f3w Obcych (j\u0119zyk obcy nowo\u017cytny) - 2025\/2026\" download >\r\n\t\t\t<img decoding=\"async\" src=\"https:\/\/sjo.uksw.edu.pl\/wp-content\/themes\/uksw\/images\/import.svg\" alt=\"\"> Procedury organizacji zaj\u0119\u0107 w Studium J\u0119zyk\u00f3w Obcych (j\u0119zyk obcy\nnowo\u017cytny) &#8211; 2025\/2026 [PDF,  0.05 MB]<\/a>\r\n\t\t<\/div>\r\n<\/div>\r\n\r\n\r\n\t\t\r\n\t\t \r\n\r\n<\/div>\r\n<\/div>\r\n<div class=\"space20\"><\/div>\r\n\r\n\n\n\n<p>Warunkiem uzyskania tytu\u0142u zawodowego licencjata lub magistra na Uniwersytecie Kardyna\u0142a Stefana Wyszy\u0144skiego w Warszawie jest opanowanie wybranego przez studenta jednego j\u0119zyka obcego nowo\u017cytnego na&nbsp; poziomie bieg\u0142o\u015bci j\u0119zykowej B2 Europejskiego Systemu Opisu Kszta\u0142cenia J\u0119zykowego Rady Europy, co powinno by\u0107 potwierdzone pozytywn\u0105 ocen\u0105 z egzaminu z j\u0119zyka obcego.<\/p>\n\n\n\n<p>W celu umo\u017cliwienia studentom opanowania i doskonalenia znajomo\u015bci j\u0119zyk\u00f3w obcych w Studium J\u0119zyk\u00f3w Obcych UKSW tworzy si\u0119 nast\u0119puj\u0105ce grupy j\u0119zykowe w wymiarze zaj\u0119\u0107 dydaktycznych 120 godzin (30 godzin\/semestr):<\/p>\n\n\n\n<ul class=\"wp-block-list\">\n<li><strong>J\u0119zyk angielski &#8211;&nbsp; poziomy B1+, B2, C1<\/strong><\/li>\n\n\n\n<li><strong>J\u0119zyk angielski z elementami business English &#8211; poziomy B2, C1<\/strong><\/li>\n\n\n\n<li><strong>J\u0119zyk francuski &#8211;&nbsp; poziomy A1, B1<\/strong><\/li>\n\n\n\n<li><strong>J\u0119zyk rosyjski &#8211; poziomy A1, A2, B1, B2<\/strong><\/li>\n\n\n\n<li><strong>J\u0119zyk w\u0142oski &#8211; poziomy A1, B1<\/strong><\/li>\n\n\n\n<li><strong>J\u0119zyk hiszpa\u0144ski &#8211; poziomy A1, A2, B1<\/strong><\/li>\n\n\n\n<li><strong>J\u0119zyk japo\u0144ski z elementami kultury &#8211; poziom A1<\/strong><br><br>&#8230;&#8230;&#8230;&#8230;&#8230;&#8230;&#8230;&#8230;&#8230;&#8230;&#8230;&#8230;&#8230;&#8230;&#8230;&#8230;&#8230;&#8230;&#8230;&#8230;&#8230;&#8230;&#8230;&#8230;&#8230;&#8230;&#8230;&#8230;&#8230;&#8230;&#8230;&#8230;&#8230;&#8230;&#8230;&#8230;&#8230;&#8230;&#8230;&#8230;&#8230;&#8230;&#8230;&#8230;&#8230;&#8230;&#8230;&#8230;&#8230;&#8230;&#8230;&#8230;&#8230;&#8230;&#8230;&#8230;&#8230;&#8230;&#8230;&#8230;.<\/li>\n<\/ul>\n\n\n\n<p><strong>Od roku akademickiego 2017\/2018 (dotyczy student\u00f3w I roku studi\u00f3w):<\/strong><\/p>\n\n\n\n<p>za uczestnictwo w lektoratach i zaliczenie 120 godzin lektorat\u00f3w z j\u0119zyka obcego przyznaje si\u0119&nbsp;<strong>8 punkt\u00f3w ECTS (2 punkty ECTS za semestr)<\/strong>, za zdanie egzaminu potwierdzaj\u0105cego bieg\u0142o\u015b\u0107 j\u0119zykow\u0105 B2 student otrzymuje&nbsp;<strong>2 punkty ECTS<\/strong>.<\/p>\n\n\n\n<p><strong>Przeniesienie osi\u0105gni\u0119\u0107 z j\u0119zyka nowo\u017cytnego z innej uczelni b\u0105d\u017a kierunku dokonywane jest na wydzia\u0142ach.&nbsp;<\/strong>Dokumenty nale\u017cy sk\u0142ada\u0107 w macierzystym dziekanacie.<\/p>\n\n\n\n<p><strong>W sekretariacie SJO mo\u017cna sk\u0142ada\u0107 podania o przeniesienie osi\u0105gni\u0119\u0107 \/zwolnienie z egzaminu ko\u0144cowego\/ z j\u0119zyka nowo\u017cytnego tylko na podstawie certyfikatu mi\u0119dzynarodowego<\/strong>&nbsp;\/szczeg\u00f3\u0142y w zak\u0142adce&nbsp;<a href=\"https:\/\/sjo.uksw.edu.pl\/egzaminy\/certyfikaty\/\" data-type=\"page\" data-id=\"3815\">Certyfikaty<\/a>.<\/p>\n\n\n\n<p><\/p>\n\n\n\r\n<div class=\"\">\r\n\r\n\r\n<div class=\"row\">\r\n\r\n  \r\n<div class=\"col-xl-12 col-lg-12 col-md-12 col-sm-12 \">\r\n\t\t<div class=\"download_detils\">\r\n\t\t\t<a href=\"https:\/\/sjo.uksw.edu.pl\/wp-content\/uploads\/sites\/27\/2022\/11\/zarz-30-2021-1_z-21.04.2021_Regulamin-SJO_0.pdf\"  target=\"_blank\" >\r\n\t\t\t<img decoding=\"async\" src=\"https:\/\/sjo.uksw.edu.pl\/wp-content\/themes\/uksw\/images\/import.svg\" alt=\"\"> Zarz\u0105dzenie Nr 30\/2021 Rektora Uniwerstytetu Kardyna\u0142a Stefana Wyszy\u0144skiego w\nWarszawie z dnia 21 kwietnia 2021 r. w sprawie wprowadzenia Regulaminu Studium\nJ\u0119zyk\u00f3w Obcych Uniwersytetu Kardyna\u0142a Stefana Wyszy\u0144skiego w Warszawie [PDF,  0.11 MB]<\/a>\r\n\t\t<\/div>\r\n<\/div>\r\n\r\n\r\n\t\t\r\n<div class=\"col-xl-12 col-lg-12 col-md-12 col-sm-12 \">\r\n\t\t<div class=\"download_detils\">\r\n\t\t\t<a href=\"https:\/\/sjo.uksw.edu.pl\/wp-content\/uploads\/sites\/27\/2022\/11\/zarz-30-2021-1_z-21.04.2021_zal_Regulamin-SJO_1.pdf\"  target=\"_blank\" >\r\n\t\t\t<img decoding=\"async\" src=\"https:\/\/sjo.uksw.edu.pl\/wp-content\/themes\/uksw\/images\/import.svg\" alt=\"\"> Za\u0142\u0105cznik do Zarz\u0105dzenia Nr 30\/2021 Rektora UKSW z dnia 21 kwietnia 2021 r. [PDF,  0.14 MB]<\/a>\r\n\t\t<\/div>\r\n<\/div>\r\n\r\n\r\n\t\t\r\n<div class=\"col-xl-12 col-lg-12 col-md-12 col-sm-12 \">\r\n\t\t<div class=\"download_detils\">\r\n\t\t\t<a href=\"https:\/\/sjo.uksw.edu.pl\/wp-content\/uploads\/sites\/27\/2022\/11\/94-2021_dec.zw_lektorat_egzamin_1.pdf\"  target=\"_blank\" >\r\n\t\t\t<img decoding=\"async\" src=\"https:\/\/sjo.uksw.edu.pl\/wp-content\/themes\/uksw\/images\/import.svg\" alt=\"\"> Decyzja Nr 94\/2021 Rektora Uniwersytetu Kardyna\u0142a Stefana Wyszy\u0144skiego w\nWarszawie z dnia 3 sierpnia 2021 r. w sprawie warunk\u00f3w zwalniania z obowi\u0105zku\nuczestnictwa w lektoracie j\u0119zyka obcego nowo\u017cytnego i przyst\u0119powania do\negzaminu z j\u0119zyka obcego [PDF,  0.08 MB]<\/a>\r\n\t\t<\/div>\r\n<\/div>\r\n\r\n\r\n\t\t\r\n<div class=\"col-xl-12 col-lg-12 col-md-12 col-sm-12 \">\r\n\t\t<div class=\"download_detils\">\r\n\t\t\t<a href=\"https:\/\/sjo.uksw.edu.pl\/wp-content\/uploads\/sites\/27\/2022\/11\/94-2021_zal-do-dec.zw_lektorat_egzamin_0.pdf\"  target=\"_blank\" >\r\n\t\t\t<img decoding=\"async\" src=\"https:\/\/sjo.uksw.edu.pl\/wp-content\/themes\/uksw\/images\/import.svg\" alt=\"\"> Za\u0142\u0105cznik do Decyzji Nr 94\/2021 Rektora UKSW z dnia 3 sierpnia 2021 r. [PDF,  0.07 MB]<\/a>\r\n\t\t<\/div>\r\n<\/div>\r\n\r\n\r\n\t\t\r\n<div class=\"col-xl-12 col-lg-12 col-md-12 col-sm-12 \">\r\n\t\t<div class=\"download_detils\">\r\n\t\t\t<a href=\"https:\/\/sjo.uksw.edu.pl\/wp-content\/uploads\/sites\/27\/2022\/11\/zarz_48_14.pdf\"  target=\"_blank\" >\r\n\t\t\t<img decoding=\"async\" src=\"https:\/\/sjo.uksw.edu.pl\/wp-content\/themes\/uksw\/images\/import.svg\" alt=\"\"> Zarz\u0105dzenie Nr 48\/2014 Rektora Uniwersytetu Kardyna\u0142a Stefana Wyszy\u0144skiego w\nWarszawie z dnia 16 lipca 2014 r. w sprawie obowi\u0105zk\u00f3w zwi\u0105zanych z\nprzeprowadzaniem egzamin\u00f3w i zalicze\u0144 oraz dokumentowaniem ich wynik\u00f3w w\nsystemie USOS [PDF,  0.07 MB]<\/a>\r\n\t\t<\/div>\r\n<\/div>\r\n\r\n\r\n\t\t\r\n\t\t \r\n\r\n<\/div>\r\n<\/div>\r\n<div class=\"space20\"><\/div>\r\n\r\n","protected":false},"excerpt":{"rendered":"<p>Warunkiem uzyskania tytu\u0142u zawodowego licencjata lub magistra na Uniwersytecie Kardyna\u0142a Stefana Wyszy\u0144skiego w Warszawie jest opanowanie wybranego przez studenta jednego j\u0119zyka obcego nowo\u017cytnego na&nbsp; poziomie bieg\u0142o\u015bci j\u0119zykowej B2 Europejskiego Systemu Opisu Kszta\u0142cenia J\u0119zykowego Rady Europy, co powinno by\u0107 potwierdzone pozytywn\u0105 ocen\u0105 z egzaminu z j\u0119zyka obcego. W celu umo\u017cliwienia studentom opanowania i doskonalenia znajomo\u015bci j\u0119zyk\u00f3w [&hellip;]<\/p>\n","protected":false},"author":1,"featured_media":0,"parent":3805,"menu_order":3,"comment_status":"closed","ping_status":"closed","template":"page-templates\/template-sub-page.php","meta":{"_acf_changed":false,"inline_featured_image":false,"footnotes":"","_links_to":"","_links_to_target":""},"class_list":["post-3806","page","type-page","status-publish","hentry"],"acf":[],"_links":{"self":[{"href":"https:\/\/sjo.uksw.edu.pl\/pl\/wp-json\/wp\/v2\/pages\/3806","targetHints":{"allow":["GET"]}}],"collection":[{"href":"https:\/\/sjo.uksw.edu.pl\/pl\/wp-json\/wp\/v2\/pages"}],"about":[{"href":"https:\/\/sjo.uksw.edu.pl\/pl\/wp-json\/wp\/v2\/types\/page"}],"author":[{"embeddable":true,"href":"https:\/\/sjo.uksw.edu.pl\/pl\/wp-json\/wp\/v2\/users\/1"}],"replies":[{"embeddable":true,"href":"https:\/\/sjo.uksw.edu.pl\/pl\/wp-json\/wp\/v2\/comments?post=3806"}],"version-history":[{"count":26,"href":"https:\/\/sjo.uksw.edu.pl\/pl\/wp-json\/wp\/v2\/pages\/3806\/revisions"}],"predecessor-version":[{"id":6405,"href":"https:\/\/sjo.uksw.edu.pl\/pl\/wp-json\/wp\/v2\/pages\/3806\/revisions\/6405"}],"up":[{"embeddable":true,"href":"https:\/\/sjo.uksw.edu.pl\/pl\/wp-json\/wp\/v2\/pages\/3805"}],"wp:attachment":[{"href":"https:\/\/sjo.uksw.edu.pl\/pl\/wp-json\/wp\/v2\/media?parent=3806"}],"curies":[{"name":"wp","href":"https:\/\/api.w.org\/{rel}","templated":true}]}}